{"id":2239,"date":"2025-09-23T04:50:16","date_gmt":"2025-09-22T21:50:16","guid":{"rendered":"https:\/\/cxview.ai\/?page_id=2239"},"modified":"2026-03-11T11:15:04","modified_gmt":"2026-03-11T04:15:04","slug":"lien-he","status":"publish","type":"page","link":"https:\/\/cxview.ai\/vi\/lien-he\/","title":{"rendered":"Li\u00ean h\u1ec7"},"content":{"rendered":"\t\t<div data-elementor-type=\"wp-page\" data-elementor-id=\"2239\" class=\"elementor elementor-2239 elementor-1163\">\n\t\t\t\t<section class=\"elementor-element elementor-element-31feddba e-con-full career-s1 dark e-flex e-con e-parent\" data-id=\"31feddba\" data-element_type=\"container\" data-settings=\"{&quot;background_background&quot;:&quot;video&quot;}\">\n\t\t<div class=\"elementor-element elementor-element-573ae616 career-info-s e-flex e-con-boxed e-con e-child\" data-id=\"573ae616\" data-element_type=\"container\">\n\t\t\t\t\t<div class=\"e-con-inner\">\n\t\t<div class=\"elementor-element elementor-element-8c2f157 e-con-full e-flex e-con e-child\" data-id=\"8c2f157\" data-element_type=\"container\">\n\t\t\t\t<div class=\"elementor-element elementor-element-297d17fb elementor-widget elementor-widget-heading\" data-id=\"297d17fb\" data-element_type=\"widget\" data-widget_type=\"heading.default\">\n\t\t\t\t\t<h2 class=\"elementor-heading-title elementor-size-default\">Li\u00ean h\u1ec7<\/h2>\t\t\t\t<\/div>\n\t\t\t\t<div class=\"elementor-element elementor-element-2e41a976 elementor-widget elementor-widget-text-editor\" data-id=\"2e41a976\" data-element_type=\"widget\" data-widget_type=\"text-editor.default\">\n\t\t\t\t\t\t\t\t\t<p>\u0110\u1ed3ng h\u00e0nh c\u00f9ng Qu\u00fd \u0111\u1ed1i t\u00e1c l\u00e0 \u01b0u ti\u00ean c\u1ee7a ch\u00fang t\u00f4i. CXVIEW cam k\u1ebft g\u00f3p ph\u1ea7n n\u00e2ng cao hi\u1ec7u qu\u1ea3 v\u1eadn h\u00e0nh v\u00e0 th\u00fac \u0111\u1ea9y t\u0103ng tr\u01b0\u1edfng kinh doanh.\u00a0<\/p>\t\t\t\t\t\t\t\t<\/div>\n\t\t\t\t<\/div>\n\t\t\t\t\t<\/div>\n\t\t\t\t<\/div>\n\t\t\t\t<div class=\"elementor-element elementor-element-52a73d5b elementor-widget__width-inherit video-banner elementor-widget elementor-widget-video\" data-id=\"52a73d5b\" data-element_type=\"widget\" data-settings=\"{&quot;video_type&quot;:&quot;hosted&quot;,&quot;autoplay&quot;:&quot;yes&quot;,&quot;mute&quot;:&quot;yes&quot;,&quot;loop&quot;:&quot;yes&quot;,&quot;play_on_mobile&quot;:&quot;yes&quot;}\" data-widget_type=\"video.default\">\n\t\t\t\t\t\t\t<div class=\"e-hosted-video elementor-wrapper elementor-open-inline\">\n\t\t\t\t\t<video class=\"elementor-video\" src=\"https:\/\/cxview.ai\/wp-content\/uploads\/2025\/09\/GettyImages-1396531679.mp4\" autoplay=\"\" loop=\"\" muted=\"muted\" playsinline=\"\" controlsList=\"nodownload\"><\/video>\n\t\t\t\t<\/div>\n\t\t\t\t\t\t<\/div>\n\t\t\t\t<\/section>\n\t\t<section class=\"elementor-element elementor-element-66d5802 e-con-full dark e-flex e-con e-parent\" data-id=\"66d5802\" data-element_type=\"container\" data-settings=\"{&quot;background_background&quot;:&quot;classic&quot;}\">\n\t\t<div class=\"elementor-element elementor-element-15710b4 e-flex e-con-boxed elementor-invisible e-con e-child\" data-id=\"15710b4\" data-element_type=\"container\" data-settings=\"{&quot;animation&quot;:&quot;fadeInUp&quot;}\">\n\t\t\t\t\t<div class=\"e-con-inner\">\n\t\t<div class=\"elementor-element elementor-element-f39077d e-con-full contact-s-title-box e-flex e-con e-child\" data-id=\"f39077d\" data-element_type=\"container\">\n\t\t\t\t<div class=\"elementor-element elementor-element-173db1f contact-s-title elementor-widget elementor-widget-heading\" data-id=\"173db1f\" data-element_type=\"widget\" data-widget_type=\"heading.default\">\n\t\t\t\t\t<h2 class=\"elementor-heading-title elementor-size-default\">Tr\u1ee5 s\u1edf ch\u00ednh<\/h2>\t\t\t\t<\/div>\n\t\t<div class=\"elementor-element elementor-element-d7c6c7a e-con-full contact-s-info e-flex e-con e-child\" data-id=\"d7c6c7a\" data-element_type=\"container\">\n\t\t<div class=\"elementor-element elementor-element-3860aff e-con-full e-flex e-con e-child\" data-id=\"3860aff\" data-element_type=\"container\">\n\t\t\t\t<div class=\"elementor-element elementor-element-6633ed0 footer-info-sub contact-info-sub elementor-widget elementor-widget-heading\" data-id=\"6633ed0\" data-element_type=\"widget\" data-widget_type=\"heading.default\">\n\t\t\t\t\t<div class=\"elementor-heading-title elementor-size-default\">C\u00d4NG TY C\u1ed4 PH\u1ea6N C\u00d4NG NGH\u1ec6 CXVIEW<\/div>\t\t\t\t<\/div>\n\t\t\t\t<\/div>\n\t\t<div class=\"elementor-element elementor-element-e3afa56 e-con-full e-flex e-con e-child\" data-id=\"e3afa56\" data-element_type=\"container\">\n\t\t\t\t<div class=\"elementor-element elementor-element-eb07a08 elementor-widget elementor-widget-image\" data-id=\"eb07a08\" data-element_type=\"widget\" data-widget_type=\"image.default\">\n\t\t\t\t\t\t\t\t\t\t\t\t\t\t\t<img decoding=\"async\" src=\"https:\/\/cxview.ai\/wp-content\/uploads\/2025\/09\/home.png\" title=\"home\" alt=\"home\" loading=\"lazy\" \/>\t\t\t\t\t\t\t\t\t\t\t\t\t\t\t<\/div>\n\t\t\t\t<div class=\"elementor-element elementor-element-21b81b8 footer-info-sub contact-info-sub elementor-widget elementor-widget-heading\" data-id=\"21b81b8\" data-element_type=\"widget\" data-widget_type=\"heading.default\">\n\t\t\t\t\t<div class=\"elementor-heading-title elementor-size-default\">T\u1ea7ng G, T\u00f2a nh\u00e0 City House, 485B Nguy\u1ec5n \u0110\u00ecnh Chi\u1ec3u, P. B\u00e0n C\u1edd, Q.3, Tp. HCM<\/div>\t\t\t\t<\/div>\n\t\t\t\t<\/div>\n\t\t<div class=\"elementor-element elementor-element-147c235 e-con-full e-flex e-con e-child\" data-id=\"147c235\" data-element_type=\"container\">\n\t\t\t\t<div class=\"elementor-element elementor-element-75a78e0 elementor-widget elementor-widget-image\" data-id=\"75a78e0\" data-element_type=\"widget\" data-widget_type=\"image.default\">\n\t\t\t\t\t\t\t\t\t\t\t\t\t\t\t<img decoding=\"async\" src=\"https:\/\/cxview.ai\/wp-content\/uploads\/2025\/09\/email.png\" title=\"email\" alt=\"email\" loading=\"lazy\" \/>\t\t\t\t\t\t\t\t\t\t\t\t\t\t\t<\/div>\n\t\t\t\t<div class=\"elementor-element elementor-element-08d840d footer-info-sub contact-info-sub elementor-widget elementor-widget-heading\" data-id=\"08d840d\" data-element_type=\"widget\" data-widget_type=\"heading.default\">\n\t\t\t\t\t<div class=\"elementor-heading-title elementor-size-default\">info@cxview.ai<\/div>\t\t\t\t<\/div>\n\t\t\t\t<\/div>\n\t\t<div class=\"elementor-element elementor-element-40b7047 e-con-full e-flex e-con e-child\" data-id=\"40b7047\" data-element_type=\"container\">\n\t\t\t\t<div class=\"elementor-element elementor-element-3d22cae elementor-widget elementor-widget-image\" data-id=\"3d22cae\" data-element_type=\"widget\" data-widget_type=\"image.default\">\n\t\t\t\t\t\t\t\t\t\t\t\t\t\t\t<img decoding=\"async\" src=\"https:\/\/cxview.ai\/wp-content\/uploads\/2025\/09\/hotline.png\" title=\"hotline\" alt=\"hotline\" loading=\"lazy\" \/>\t\t\t\t\t\t\t\t\t\t\t\t\t\t\t<\/div>\n\t\t\t\t<div class=\"elementor-element elementor-element-51a9e25 footer-info-sub contact-info-sub elementor-widget elementor-widget-heading\" data-id=\"51a9e25\" data-element_type=\"widget\" data-widget_type=\"heading.default\">\n\t\t\t\t\t<div class=\"elementor-heading-title elementor-size-default\">+84 77 800 3426<\/div>\t\t\t\t<\/div>\n\t\t\t\t<\/div>\n\t\t\t\t<\/div>\n\t\t\t\t<\/div>\n\t\t\t\t<div class=\"elementor-element elementor-element-6c69e20 contact-s-img elementor-widget elementor-widget-image\" data-id=\"6c69e20\" data-element_type=\"widget\" data-widget_type=\"image.default\">\n\t\t\t\t\t\t\t\t\t\t\t\t\t\t\t<img fetchpriority=\"high\" decoding=\"async\" width=\"856\" height=\"500\" src=\"https:\/\/cxview.ai\/wp-content\/uploads\/2025\/11\/cxview.png\" class=\"attachment-full size-full wp-image-5247\" alt=\"\" srcset=\"https:\/\/cxview.ai\/wp-content\/uploads\/2025\/11\/cxview.png 856w, https:\/\/cxview.ai\/wp-content\/uploads\/2025\/11\/cxview-300x175.png 300w, https:\/\/cxview.ai\/wp-content\/uploads\/2025\/11\/cxview-768x449.png 768w\" sizes=\"(max-width: 856px) 100vw, 856px\" \/>\t\t\t\t\t\t\t\t\t\t\t\t\t\t\t<\/div>\n\t\t\t\t\t<\/div>\n\t\t\t\t<\/div>\n\t\t<div class=\"elementor-element elementor-element-7b23ccd e-flex e-con-boxed elementor-invisible e-con e-child\" data-id=\"7b23ccd\" data-element_type=\"container\" data-settings=\"{&quot;animation&quot;:&quot;fadeInUp&quot;}\">\n\t\t\t\t\t<div class=\"e-con-inner\">\n\t\t<div class=\"elementor-element elementor-element-b3c5c2a e-con-full contact-s-title-box e-flex e-con e-child\" data-id=\"b3c5c2a\" data-element_type=\"container\">\n\t\t\t\t<div class=\"elementor-element elementor-element-e82b9f6 contact-s-title elementor-widget elementor-widget-heading\" data-id=\"e82b9f6\" data-element_type=\"widget\" data-widget_type=\"heading.default\">\n\t\t\t\t\t<h2 class=\"elementor-heading-title elementor-size-default\">\u0110\u1ecba ch\u1ec9 \u0111\u0103ng k\u00fd kinh doanh<\/h2>\t\t\t\t<\/div>\n\t\t<div class=\"elementor-element elementor-element-405d700 e-con-full contact-s-info e-flex e-con e-child\" data-id=\"405d700\" data-element_type=\"container\">\n\t\t<div class=\"elementor-element elementor-element-786ed8c e-con-full e-flex e-con e-child\" data-id=\"786ed8c\" data-element_type=\"container\">\n\t\t\t\t<div class=\"elementor-element elementor-element-9d838fb footer-info-sub contact-info-sub elementor-widget elementor-widget-heading\" data-id=\"9d838fb\" data-element_type=\"widget\" data-widget_type=\"heading.default\">\n\t\t\t\t\t<div class=\"elementor-heading-title elementor-size-default\">C\u00d4NG TY C\u1ed4 PH\u1ea6N C\u00d4NG NGH\u1ec6 CXVIEW<\/div>\t\t\t\t<\/div>\n\t\t\t\t<\/div>\n\t\t<div class=\"elementor-element elementor-element-c587ae2 e-con-full e-flex e-con e-child\" data-id=\"c587ae2\" data-element_type=\"container\">\n\t\t\t\t<div class=\"elementor-element elementor-element-6873c8d elementor-widget elementor-widget-image\" data-id=\"6873c8d\" data-element_type=\"widget\" data-widget_type=\"image.default\">\n\t\t\t\t\t\t\t\t\t\t\t\t\t\t\t<img decoding=\"async\" src=\"https:\/\/cxview.ai\/wp-content\/uploads\/2025\/09\/home.png\" title=\"home\" alt=\"home\" loading=\"lazy\" \/>\t\t\t\t\t\t\t\t\t\t\t\t\t\t\t<\/div>\n\t\t\t\t<div class=\"elementor-element elementor-element-e3d1109 footer-info-sub contact-info-sub elementor-widget elementor-widget-heading\" data-id=\"e3d1109\" data-element_type=\"widget\" data-widget_type=\"heading.default\">\n\t\t\t\t\t<div class=\"elementor-heading-title elementor-size-default\">T\u1ea7ng 18, T\u00f2a nh\u00e0 CEO, HH2-1 Khu \u0111\u00f4 th\u1ecb M\u1ec5 Tr\u00ec H\u1ea1, \u0111\u01b0\u1eddng Ph\u1ea1m H\u00f9ng, Ph\u01b0\u1eddng T\u1eeb Li\u00eam, H\u00e0 N\u1ed9i<\/div>\t\t\t\t<\/div>\n\t\t\t\t<\/div>\n\t\t<div class=\"elementor-element elementor-element-58f5f29 e-con-full e-flex e-con e-child\" data-id=\"58f5f29\" data-element_type=\"container\">\n\t\t\t\t<div class=\"elementor-element elementor-element-dc626e4 elementor-widget elementor-widget-image\" data-id=\"dc626e4\" data-element_type=\"widget\" data-widget_type=\"image.default\">\n\t\t\t\t\t\t\t\t\t\t\t\t\t\t\t<img decoding=\"async\" src=\"https:\/\/cxview.ai\/wp-content\/uploads\/2025\/09\/email.png\" title=\"email\" alt=\"email\" loading=\"lazy\" \/>\t\t\t\t\t\t\t\t\t\t\t\t\t\t\t<\/div>\n\t\t\t\t<div class=\"elementor-element elementor-element-2fb0a53 footer-info-sub contact-info-sub elementor-widget elementor-widget-heading\" data-id=\"2fb0a53\" data-element_type=\"widget\" data-widget_type=\"heading.default\">\n\t\t\t\t\t<div class=\"elementor-heading-title elementor-size-default\">info@cxview.ai<\/div>\t\t\t\t<\/div>\n\t\t\t\t<\/div>\n\t\t<div class=\"elementor-element elementor-element-35fe56b e-con-full e-flex e-con e-child\" data-id=\"35fe56b\" data-element_type=\"container\">\n\t\t\t\t<div class=\"elementor-element elementor-element-9a19270 elementor-widget elementor-widget-image\" data-id=\"9a19270\" data-element_type=\"widget\" data-widget_type=\"image.default\">\n\t\t\t\t\t\t\t\t\t\t\t\t\t\t\t<img decoding=\"async\" src=\"https:\/\/cxview.ai\/wp-content\/uploads\/2025\/09\/hotline.png\" title=\"hotline\" alt=\"hotline\" loading=\"lazy\" \/>\t\t\t\t\t\t\t\t\t\t\t\t\t\t\t<\/div>\n\t\t\t\t<div class=\"elementor-element elementor-element-a6a8617 footer-info-sub contact-info-sub elementor-widget elementor-widget-heading\" data-id=\"a6a8617\" data-element_type=\"widget\" data-widget_type=\"heading.default\">\n\t\t\t\t\t<div class=\"elementor-heading-title elementor-size-default\">+84 77 800 3426<\/div>\t\t\t\t<\/div>\n\t\t\t\t<\/div>\n\t\t\t\t<\/div>\n\t\t\t\t<\/div>\n\t\t\t\t<div class=\"elementor-element elementor-element-3c875f1 contact-s-img elementor-widget elementor-widget-image\" data-id=\"3c875f1\" data-element_type=\"widget\" data-widget_type=\"image.default\">\n\t\t\t\t\t\t\t\t\t\t\t\t\t\t\t<img fetchpriority=\"high\" decoding=\"async\" width=\"856\" height=\"500\" src=\"https:\/\/cxview.ai\/wp-content\/uploads\/2025\/11\/cxview.png\" class=\"attachment-full size-full wp-image-5247\" alt=\"\" srcset=\"https:\/\/cxview.ai\/wp-content\/uploads\/2025\/11\/cxview.png 856w, https:\/\/cxview.ai\/wp-content\/uploads\/2025\/11\/cxview-300x175.png 300w, https:\/\/cxview.ai\/wp-content\/uploads\/2025\/11\/cxview-768x449.png 768w\" sizes=\"(max-width: 856px) 100vw, 856px\" \/>\t\t\t\t\t\t\t\t\t\t\t\t\t\t\t<\/div>\n\t\t\t\t\t<\/div>\n\t\t\t\t<\/div>\n\t\t\t\t<\/section>\n\t\t\t\t<\/div>\n\t\t","protected":false},"excerpt":{"rendered":"<p>Li\u00ean h\u1ec7 \u0110\u1ed3ng h\u00e0nh c\u00f9ng Qu\u00fd \u0111\u1ed1i t\u00e1c l\u00e0 \u01b0u ti\u00ean c\u1ee7a ch\u00fang t\u00f4i. CXVIEW cam k\u1ebft g\u00f3p ph\u1ea7n n\u00e2ng [&hellip;]<\/p>\n","protected":false},"author":1,"featured_media":0,"parent":0,"menu_order":0,"comment_status":"closed","ping_status":"closed","template":"","meta":{"_eb_attr":"","site-sidebar-layout":"no-sidebar","site-content-layout":"","ast-site-content-layout":"full-width-container","site-content-style":"default","site-sidebar-style":"default","ast-global-header-display":"","ast-banner-title-visibility":"","ast-main-header-display":"","ast-hfb-above-header-display":"","ast-hfb-below-header-display":"","ast-hfb-mobile-header-display":"","site-post-title":"","ast-breadcrumbs-content":"","ast-featured-img":"disabled","footer-sml-layout":"","theme-transparent-header-meta":"default","adv-header-id-meta":"","stick-header-meta":"","header-above-stick-meta":"","header-main-stick-meta":"","header-below-stick-meta":"","astra-migrate-meta-layouts":"set","ast-page-background-enabled":"default","ast-page-background-meta":{"desktop":{"background-color":"var(--ast-global-color-5)","background-image":"","background-repeat":"repeat","background-position":"center center","background-size":"auto","background-attachment":"scroll","background-type":"","background-media":"","overlay-type":"","overlay-color":"","overlay-opacity":"","overlay-gradient":""},"tablet":{"background-color":"","background-image":"","background-repeat":"repeat","background-position":"center center","background-size":"auto","background-attachment":"scroll","background-type":"","background-media":"","overlay-type":"","overlay-color":"","overlay-opacity":"","overlay-gradient":""},"mobile":{"background-color":"","background-image":"","background-repeat":"repeat","background-position":"center center","background-size":"auto","background-attachment":"scroll","background-type":"","background-media":"","overlay-type":"","overlay-color":"","overlay-opacity":"","overlay-gradient":""}},"ast-content-background-meta":{"desktop":{"background-color":"var(--ast-global-color-4)","background-image":"","background-repeat":"repeat","background-position":"center center","background-size":"auto","background-attachment":"scroll","background-type":"","background-media":"","overlay-type":"","overlay-color":"","overlay-opacity":"","overlay-gradient":""},"tablet":{"background-color":"var(--ast-global-color-4)","background-image":"","background-repeat":"repeat","background-position":"center center","background-size":"auto","background-attachment":"scroll","background-type":"","background-media":"","overlay-type":"","overlay-color":"","overlay-opacity":"","overlay-gradient":""},"mobile":{"background-color":"var(--ast-global-color-4)","background-image":"","background-repeat":"repeat","background-position":"center center","background-size":"auto","background-attachment":"scroll","background-type":"","background-media":"","overlay-type":"","overlay-color":"","overlay-opacity":"","overlay-gradient":""}},"footnotes":""},"class_list":["post-2239","page","type-page","status-publish","hentry"],"acf":[],"jetpack_sharing_enabled":true,"_links":{"self":[{"href":"https:\/\/cxview.ai\/vi\/wp-json\/wp\/v2\/pages\/2239","targetHints":{"allow":["GET"]}}],"collection":[{"href":"https:\/\/cxview.ai\/vi\/wp-json\/wp\/v2\/pages"}],"about":[{"href":"https:\/\/cxview.ai\/vi\/wp-json\/wp\/v2\/types\/page"}],"author":[{"embeddable":true,"href":"https:\/\/cxview.ai\/vi\/wp-json\/wp\/v2\/users\/1"}],"replies":[{"embeddable":true,"href":"https:\/\/cxview.ai\/vi\/wp-json\/wp\/v2\/comments?post=2239"}],"version-history":[{"count":28,"href":"https:\/\/cxview.ai\/vi\/wp-json\/wp\/v2\/pages\/2239\/revisions"}],"predecessor-version":[{"id":6070,"href":"https:\/\/cxview.ai\/vi\/wp-json\/wp\/v2\/pages\/2239\/revisions\/6070"}],"wp:attachment":[{"href":"https:\/\/cxview.ai\/vi\/wp-json\/wp\/v2\/media?parent=2239"}],"curies":[{"name":"wp","href":"https:\/\/api.w.org\/{rel}","templated":true}]}}